{"id":9,"date":"2024-08-28T10:32:33","date_gmt":"2024-08-28T10:32:33","guid":{"rendered":"https:\/\/bullescence.com\/?page_id=9"},"modified":"2024-10-25T14:03:09","modified_gmt":"2024-10-25T14:03:09","slug":"bullescence","status":"publish","type":"page","link":"https:\/\/bullescence.com\/","title":{"rendered":"Champagne"},"content":{"rendered":"\n<div class=\"wp-block-group alignfull has-global-padding is-layout-constrained wp-container-core-group-is-layout-4 wp-block-group-is-layout-constrained\" style=\"padding-top:var(--wp--preset--spacing--50);padding-right:var(--wp--preset--spacing--50);padding-bottom:var(--wp--preset--spacing--50);padding-left:var(--wp--preset--spacing--50)\">\n<div class=\"wp-block-group has-global-padding is-layout-constrained wp-container-core-group-is-layout-1 wp-block-group-is-layout-constrained\">\n<h2 class=\"wp-block-heading has-text-align-center has-x-large-font-size\">Mireille Jacquesson &amp; Andrei Mogoutov <br><em>Bullescence<\/em><\/h2>\n\n\n\n<div style=\"height:1.25rem\" aria-hidden=\"true\" class=\"wp-block-spacer\"><\/div>\n\n\n\n<p class=\"has-text-align-center\">\u0152notourisme en famille<\/p>\n\n\n\n<p class=\"has-text-align-center\">Une exp\u00e9rience gustative et visuelle<\/p>\n<\/div>\n\n\n\n<div class=\"wp-block-group alignwide has-global-padding is-layout-constrained wp-block-group-is-layout-constrained\">\n<figure class=\"wp-block-gallery alignwide has-nested-images columns-default is-cropped wp-block-gallery-1 is-layout-flex wp-block-gallery-is-layout-flex\">\n<figure class=\"wp-block-image size-full is-style-default\"><img fetchpriority=\"high\" decoding=\"async\" width=\"1748\" height=\"1240\" src=\"https:\/\/bullescence.com\/wp-content\/uploads\/2024\/09\/web1.jpg\" alt=\"\" class=\"wp-image-67\" srcset=\"https:\/\/bullescence.com\/wp-content\/uploads\/2024\/09\/web1.jpg 1748w, https:\/\/bullescence.com\/wp-content\/uploads\/2024\/09\/web1-300x213.jpg 300w, https:\/\/bullescence.com\/wp-content\/uploads\/2024\/09\/web1-1024x726.jpg 1024w, https:\/\/bullescence.com\/wp-content\/uploads\/2024\/09\/web1-768x545.jpg 768w, https:\/\/bullescence.com\/wp-content\/uploads\/2024\/09\/web1-1536x1090.jpg 1536w\" sizes=\"(max-width: 1748px) 100vw, 1748px\" \/><\/figure>\n<\/figure>\n<\/div>\n\n\n\n<p>Mireille et Andrei partagent leur vie entre la culture de la vigne et le m\u00e9tier d&rsquo;artiste vid\u00e9aste pour elle et consultant chercheur pour lui. H\u00e9ritiers des gestes de vigneron du p\u00e8re de Mireille, ils cultivent manuellement 9 parcelles de vieilles vignes sur les coteaux historiques de la Champagne. Chaque cuv\u00e9e perp\u00e9tue le savoir-faire familial par la cr\u00e9ation de micro-cuv\u00e9e non-dos\u00e9e, mono-c\u00e9page, assembl\u00e9e ou sans sulfites ajout\u00e9s.<\/p>\n\n\n\n<h2 class=\"wp-block-heading has-text-align-center is-style-asterisk\"><em>Cuv\u00e9es<\/em><\/h2>\n\n\n\n<figure class=\"wp-block-image aligncenter size-large is-resized\"><img decoding=\"async\" width=\"535\" height=\"1024\" src=\"https:\/\/bullescence.com\/wp-content\/uploads\/2024\/09\/web7-535x1024.jpg\" alt=\"\" class=\"wp-image-89\" style=\"width:172px;height:auto\" srcset=\"https:\/\/bullescence.com\/wp-content\/uploads\/2024\/09\/web7-535x1024.jpg 535w, https:\/\/bullescence.com\/wp-content\/uploads\/2024\/09\/web7-157x300.jpg 157w, https:\/\/bullescence.com\/wp-content\/uploads\/2024\/09\/web7.jpg 656w\" sizes=\"(max-width: 535px) 100vw, 535px\" \/><\/figure>\n\n\n\n<div class=\"wp-block-group has-global-padding is-layout-constrained wp-container-core-group-is-layout-3 wp-block-group-is-layout-constrained\">\n<h4 class=\"wp-block-heading alignwide has-text-align-center is-style-asterisk has-x-large-font-size\">Brut 1er Cru<\/h4>\n\n\n\n<div style=\"height:1.25rem\" aria-hidden=\"true\" class=\"wp-block-spacer\"><\/div>\n\n\n\n<p class=\"has-text-align-center has-large-font-size\"><em>Terroir Champillon<\/em><\/p>\n\n\n\n<div style=\"height:1.25rem\" aria-hidden=\"true\" class=\"wp-block-spacer\"><\/div>\n\n\n\n<div class=\"wp-block-buttons is-content-justification-center is-layout-flex wp-container-core-buttons-is-layout-1 wp-block-buttons-is-layout-flex\">\n<div class=\"wp-block-button is-style-outline is-style-outline--2\"><a class=\"wp-block-button__link wp-element-button\">Assemblage : 1\/3 Pinot Noir, 1\/3 Chardonnay, 1\/3 Pinot Meunier, (80% premi\u00e8re presse du pressoir, 20% de vin de longue garde)<\/a><\/div>\n\n\n\n<div class=\"wp-block-button is-style-outline is-style-outline--3\"><a class=\"wp-block-button__link wp-element-button\">Dosage&nbsp;: 0g ou 3g \/litre de sucre<\/a><\/div>\n\n\n\n<div class=\"wp-block-button is-style-outline is-style-outline--4\"><a class=\"wp-block-button__link wp-element-button\">D\u00e9gustation : Nez d\u00e9licat avec des ar\u00f4mes de fleurs blanches, notes miell\u00e9es et r\u00e9gliss\u00e9es. La fra\u00eecheur en bouche s\u2019exprime par le citron floral du Chardonnay, le menthol et la r\u00e9glisse du Pinot Noir.<\/a><\/div>\n<\/div>\n<\/div>\n\n\n\n<h2 class=\"wp-block-heading has-text-align-center is-style-asterisk has-x-large-font-size\">Blanc de noirs sans sulfites ajout\u00e9s <\/h2>\n\n\n\n<p class=\"has-text-align-center has-large-font-size\"><em>Terroir Chavot-Courcourt<\/em><\/p>\n\n\n\n<div class=\"wp-block-buttons is-content-justification-center is-layout-flex wp-container-core-buttons-is-layout-2 wp-block-buttons-is-layout-flex\">\n<div class=\"wp-block-button is-style-outline is-style-outline--5\"><a class=\"wp-block-button__link wp-element-button\">Assemblage : 100% Pinot Meunier<\/a><\/div>\n\n\n\n<div class=\"wp-block-button is-style-outline is-style-outline--6\"><a class=\"wp-block-button__link wp-element-button\">Dosage&nbsp;: 0g \/litre de sucre<\/a><\/div>\n\n\n\n<div class=\"wp-block-button is-style-outline is-style-outline--7\"><a class=\"wp-block-button__link wp-element-button\">D\u00e9gustation : Nez d\u00e9licatement fruit\u00e9, petits fruits rouges tr\u00e8s m\u00fbrs et fruits confits. Bouche soyeuse et souple de grande amplitude.<\/a><\/div>\n<\/div>\n\n\n\n<h2 class=\"wp-block-heading has-text-align-center is-style-asterisk has-x-large-font-size\">Blanc de blancs sans sulfites ajout\u00e9s<\/h2>\n\n\n\n<p class=\"has-text-align-center has-large-font-size\"><em>Terroir Chavot-Courcourt<\/em><\/p>\n\n\n\n<div class=\"wp-block-buttons is-content-justification-center is-layout-flex wp-container-core-buttons-is-layout-3 wp-block-buttons-is-layout-flex\">\n<div class=\"wp-block-button is-style-outline is-style-outline--8\"><a class=\"wp-block-button__link wp-element-button\">Assemblage : 100 % Chardonnay<\/a><\/div>\n\n\n\n<div class=\"wp-block-button is-style-outline is-style-outline--9\"><a class=\"wp-block-button__link wp-element-button\">Dosage&nbsp;: 0g \/litre de sucre<\/a><\/div>\n\n\n\n<div class=\"wp-block-button is-style-outline is-style-outline--10\"><a class=\"wp-block-button__link wp-element-button\">D\u00e9gustation : Nez min\u00e9ral avec des notes florales, fruits jaunes compot\u00e9s, mirabelle. Attaque fra\u00eeche en bouche, riche et l\u00e9g\u00e8rement cr\u00e9meuse, finale fluide.<\/a><\/div>\n<\/div>\n\n\n\n<h2 class=\"wp-block-heading has-text-align-center is-style-asterisk has-x-large-font-size\">Blanc de blancs<\/h2>\n\n\n\n<p class=\"has-text-align-center has-large-font-size\"><em>Terroir Chavot-Courcourt<\/em><\/p>\n\n\n\n<div class=\"wp-block-buttons is-content-justification-center is-layout-flex wp-container-core-buttons-is-layout-4 wp-block-buttons-is-layout-flex\">\n<div class=\"wp-block-button is-style-outline is-style-outline--11\"><a class=\"wp-block-button__link wp-element-button\">Assemblage : 100 % Chardonnay<\/a><\/div>\n\n\n\n<div class=\"wp-block-button is-style-outline is-style-outline--12\"><a class=\"wp-block-button__link wp-element-button\">Dosage&nbsp;: 6g \/litre de sucre<\/a><\/div>\n\n\n\n<div class=\"wp-block-button is-style-outline is-style-outline--13\"><a class=\"wp-block-button__link wp-element-button\">D\u00e9gustation : Nez floral \u00e9voluant vers des ar\u00f4mes de p\u00eaches blanches et de fruits jaunes. Bouche fra\u00eeche et cr\u00e9meuse, \u00e9l\u00e9gante et acidul\u00e9e avec une min\u00e9ralit\u00e9 crayeuse tr\u00e8s pure qui se termine par des notes iod\u00e9es.<\/a><\/div>\n<\/div>\n\n\n\n<h2 class=\"wp-block-heading has-text-align-center is-style-asterisk\"><em>Bulles et sens <\/em><\/h2>\n\n\n\n<figure class=\"wp-block-image size-large\"><img decoding=\"async\" width=\"1024\" height=\"437\" src=\"https:\/\/bullescence.com\/wp-content\/uploads\/2024\/09\/web9-1-1024x437.jpg\" alt=\"\" class=\"wp-image-106\" srcset=\"https:\/\/bullescence.com\/wp-content\/uploads\/2024\/09\/web9-1-1024x437.jpg 1024w, https:\/\/bullescence.com\/wp-content\/uploads\/2024\/09\/web9-1-300x128.jpg 300w, https:\/\/bullescence.com\/wp-content\/uploads\/2024\/09\/web9-1-768x327.jpg 768w, https:\/\/bullescence.com\/wp-content\/uploads\/2024\/09\/web9-1-1536x655.jpg 1536w, https:\/\/bullescence.com\/wp-content\/uploads\/2024\/09\/web9-1-2048x873.jpg 2048w\" sizes=\"(max-width: 1024px) 100vw, 1024px\" \/><\/figure>\n\n\n\n<p>Adeptes du plaisir, amoureux des arts, Mireille et Andrei accompagnent les amateurs de champagnes et de sensations lors de d\u00e9gustations multisensorielles organis\u00e9es dans leur maison des bords de Marne.<\/p>\n\n\n\n<h2 class=\"wp-block-heading has-text-align-center is-style-asterisk\"><em>Bulles gourmandes<\/em><\/h2>\n\n\n\n<figure class=\"wp-block-image size-large\"><img loading=\"lazy\" decoding=\"async\" width=\"1024\" height=\"275\" src=\"https:\/\/bullescence.com\/wp-content\/uploads\/2024\/09\/web8-1024x275.jpg\" alt=\"\" class=\"wp-image-92\" srcset=\"https:\/\/bullescence.com\/wp-content\/uploads\/2024\/09\/web8-1024x275.jpg 1024w, https:\/\/bullescence.com\/wp-content\/uploads\/2024\/09\/web8-300x80.jpg 300w, https:\/\/bullescence.com\/wp-content\/uploads\/2024\/09\/web8-768x206.jpg 768w, https:\/\/bullescence.com\/wp-content\/uploads\/2024\/09\/web8-1536x412.jpg 1536w, https:\/\/bullescence.com\/wp-content\/uploads\/2024\/09\/web8-2048x549.jpg 2048w\" sizes=\"(max-width: 1024px) 100vw, 1024px\" \/><\/figure>\n\n\n\n<p>Un r\u00e9gal ! Ces bulles de couleur ambre sont un subtil concentr\u00e9 de la cuv\u00e9e Brut 1er Cru. Une cr\u00e9ation culinaire r\u00e9alis\u00e9e par Sth\u00e9phanie Rihet.<\/p>\n\n\n\n<h2 class=\"wp-block-heading has-text-align-center is-style-asterisk\"><em>Bulles visuelles<\/em><\/h2>\n\n\n\n<figure class=\"wp-block-image size-large\"><img loading=\"lazy\" decoding=\"async\" width=\"1024\" height=\"312\" src=\"https:\/\/bullescence.com\/wp-content\/uploads\/2024\/09\/web14-1024x312.jpg\" alt=\"\" class=\"wp-image-159\" srcset=\"https:\/\/bullescence.com\/wp-content\/uploads\/2024\/09\/web14-1024x312.jpg 1024w, https:\/\/bullescence.com\/wp-content\/uploads\/2024\/09\/web14-300x91.jpg 300w, https:\/\/bullescence.com\/wp-content\/uploads\/2024\/09\/web14-768x234.jpg 768w, https:\/\/bullescence.com\/wp-content\/uploads\/2024\/09\/web14-1536x468.jpg 1536w, https:\/\/bullescence.com\/wp-content\/uploads\/2024\/09\/web14-2048x624.jpg 2048w\" sizes=\"(max-width: 1024px) 100vw, 1024px\" \/><\/figure>\n\n\n\n<p class=\"has-text-align-left\">Cette animation visuelle utilise de la vapeur d&rsquo;eau et des bulles de savon comme supports de projection. Des images \u00e9vocatrices d\u2019ar\u00f4mes et de saveurs flottent dans l\u2019espace et plongent la personne dans un univers f\u00e9\u00e9rique favorisant l&rsquo;\u00e9veil des sens.<\/p>\n\n\n\n<figure class=\"wp-block-image size-large\"><img loading=\"lazy\" decoding=\"async\" width=\"1024\" height=\"416\" src=\"https:\/\/bullescence.com\/wp-content\/uploads\/2024\/09\/web16-1024x416.jpg\" alt=\"\" class=\"wp-image-176\" srcset=\"https:\/\/bullescence.com\/wp-content\/uploads\/2024\/09\/web16-1024x416.jpg 1024w, https:\/\/bullescence.com\/wp-content\/uploads\/2024\/09\/web16-300x122.jpg 300w, https:\/\/bullescence.com\/wp-content\/uploads\/2024\/09\/web16-768x312.jpg 768w, https:\/\/bullescence.com\/wp-content\/uploads\/2024\/09\/web16-1536x623.jpg 1536w, https:\/\/bullescence.com\/wp-content\/uploads\/2024\/09\/web16-2048x831.jpg 2048w\" sizes=\"(max-width: 1024px) 100vw, 1024px\" \/><\/figure>\n\n\n\n<p>L&rsquo;ambiance visuelle alli\u00e9e \u00e0 la d\u00e9gustation de champagne harmonisent le trio plaisir, partage et contemplation.<\/p>\n\n\n\n<figure class=\"wp-block-image size-large\"><img loading=\"lazy\" decoding=\"async\" width=\"1024\" height=\"576\" src=\"https:\/\/bullescence.com\/wp-content\/uploads\/2024\/08\/hip-hip-hourra-peter-severin-1024x576.jpg\" alt=\"\" class=\"wp-image-17\" srcset=\"https:\/\/bullescence.com\/wp-content\/uploads\/2024\/08\/hip-hip-hourra-peter-severin-1024x576.jpg 1024w, https:\/\/bullescence.com\/wp-content\/uploads\/2024\/08\/hip-hip-hourra-peter-severin-300x169.jpg 300w, https:\/\/bullescence.com\/wp-content\/uploads\/2024\/08\/hip-hip-hourra-peter-severin-768x432.jpg 768w, https:\/\/bullescence.com\/wp-content\/uploads\/2024\/08\/hip-hip-hourra-peter-severin.jpg 1200w\" sizes=\"(max-width: 1024px) 100vw, 1024px\" \/><figcaption class=\"wp-element-caption\">\u00ab\u00a0hip-hip-hourra\u00a0\u00bb peter sever<\/figcaption><\/figure>\n\n\n\n<h2 class=\"wp-block-heading has-text-align-center is-style-asterisk\"><em>nous rendre visite<\/em><\/h2>\n\n\n\n<p class=\"has-text-align-center\">7 rue Curie, 02850 Tr\u00e9lou s\/Marne<\/p>\n\n\n\n<p class=\"has-text-align-center\">+33 (0)633329775<\/p>\n<\/div>\n\n\n\n<div class=\"wp-block-group alignfull has-global-padding is-content-justification-center is-layout-constrained wp-container-core-group-is-layout-5 wp-block-group-is-layout-constrained\" style=\"margin-top:0;margin-bottom:0;padding-top:var(--wp--preset--spacing--50);padding-right:var(--wp--preset--spacing--50);padding-bottom:var(--wp--preset--spacing--50);padding-left:var(--wp--preset--spacing--50)\">\n<div class=\"wp-block-buttons is-content-justification-center is-layout-flex wp-container-core-buttons-is-layout-5 wp-block-buttons-is-layout-flex\">\n<div class=\"wp-block-button\"><a class=\"wp-block-button__link wp-element-button\" href=\"https:\/\/www.facebook.com\/bullescence\">Facebook<\/a><\/div>\n\n\n\n<div class=\"wp-block-button\"><a class=\"wp-block-button__link wp-element-button\" href=\"https:\/\/www.instagram.com\/bullescence\/\">Instagram<\/a><\/div>\n<\/div>\n<\/div>\n\n\n\n<div class=\"wp-block-group alignfull has-base-color has-contrast-background-color has-text-color has-background has-global-padding is-layout-constrained wp-container-core-group-is-layout-8 wp-block-group-is-layout-constrained\" style=\"margin-top:0;margin-bottom:0;padding-top:var(--wp--preset--spacing--60);padding-right:var(--wp--preset--spacing--60);padding-bottom:var(--wp--preset--spacing--60);padding-left:var(--wp--preset--spacing--60)\">\n<div class=\"wp-block-group has-global-padding is-layout-constrained wp-block-group-is-layout-constrained\">\n<p class=\"has-text-align-center has-base-color has-text-color has-heading-font-family has-x-large-font-size\" style=\"line-height:1.2\"><em>\u00ab&nbsp;\u0152notourisme<\/em><em> en famille<\/em>, <em>une exp\u00e9rience gustative et visuelle. \u00bb<\/em><\/p>\n\n\n\n<div class=\"wp-block-group is-vertical is-content-justification-center is-nowrap is-layout-flex wp-container-core-group-is-layout-6 wp-block-group-is-layout-flex\">\n<figure class=\"wp-block-image size-full is-resized\"><img loading=\"lazy\" decoding=\"async\" width=\"739\" height=\"850\" src=\"https:\/\/bullescence.com\/wp-content\/uploads\/2024\/09\/6.jpg\" alt=\"\" class=\"wp-image-164\" style=\"width:190px;height:auto\" srcset=\"https:\/\/bullescence.com\/wp-content\/uploads\/2024\/09\/6.jpg 739w, https:\/\/bullescence.com\/wp-content\/uploads\/2024\/09\/6-261x300.jpg 261w\" sizes=\"(max-width: 739px) 100vw, 739px\" \/><\/figure>\n\n\n\n<p class=\"has-text-color has-link-color has-small-font-size wp-elements-272db47ec466cc2fdac0e42bbd5b7de7\" style=\"color:#808080\">\u00c0 mon p\u00e8re, Lucien Jacquesson<\/p>\n\n\n\n<p class=\"has-text-align-center has-small-font-size\" style=\"margin-top:var(--wp--preset--spacing--10);margin-bottom:0\">Mireille Jacquesson &#8211; Andrei Mogoutov<\/p>\n\n\n\n<figure class=\"wp-block-image size-full is-resized\"><img loading=\"lazy\" decoding=\"async\" width=\"394\" height=\"539\" src=\"https:\/\/bullescence.com\/wp-content\/uploads\/2024\/09\/weblogo3.jpg\" alt=\"\" class=\"wp-image-117\" style=\"width:94px;height:auto\" srcset=\"https:\/\/bullescence.com\/wp-content\/uploads\/2024\/09\/weblogo3.jpg 394w, https:\/\/bullescence.com\/wp-content\/uploads\/2024\/09\/weblogo3-219x300.jpg 219w\" sizes=\"(max-width: 394px) 100vw, 394px\" \/><\/figure>\n\n\n\n<p class=\"has-text-align-center has-contrast-3-color has-text-color has-small-font-size\" style=\"font-style:normal;font-weight:300\">Bullescence\u00a9<\/p>\n<\/div>\n<\/div>\n<\/div>\n","protected":false},"excerpt":{"rendered":"<p>Mireille Jacquesson &amp; Andrei Mogoutov Bullescence \u0152notourisme en famille Une exp\u00e9rience gustative et visuelle Mireille et Andrei partagent leur vie entre la culture de la vigne et le m\u00e9tier d&rsquo;artiste vid\u00e9aste pour elle et consultant chercheur pour lui. H\u00e9ritiers des gestes de vigneron du p\u00e8re de Mireille, ils cultivent manuellement 9 parcelles de vieilles vignes [&hellip;]<\/p>\n","protected":false},"author":1,"featured_media":0,"parent":0,"menu_order":0,"comment_status":"closed","ping_status":"closed","template":"","meta":{"footnotes":""},"class_list":["post-9","page","type-page","status-publish","hentry"],"_links":{"self":[{"href":"https:\/\/bullescence.com\/index.php\/wp-json\/wp\/v2\/pages\/9","targetHints":{"allow":["GET"]}}],"collection":[{"href":"https:\/\/bullescence.com\/index.php\/wp-json\/wp\/v2\/pages"}],"about":[{"href":"https:\/\/bullescence.com\/index.php\/wp-json\/wp\/v2\/types\/page"}],"author":[{"embeddable":true,"href":"https:\/\/bullescence.com\/index.php\/wp-json\/wp\/v2\/users\/1"}],"replies":[{"embeddable":true,"href":"https:\/\/bullescence.com\/index.php\/wp-json\/wp\/v2\/comments?post=9"}],"version-history":[{"count":88,"href":"https:\/\/bullescence.com\/index.php\/wp-json\/wp\/v2\/pages\/9\/revisions"}],"predecessor-version":[{"id":194,"href":"https:\/\/bullescence.com\/index.php\/wp-json\/wp\/v2\/pages\/9\/revisions\/194"}],"wp:attachment":[{"href":"https:\/\/bullescence.com\/index.php\/wp-json\/wp\/v2\/media?parent=9"}],"curies":[{"name":"wp","href":"https:\/\/api.w.org\/{rel}","templated":true}]}}